{"id":2722,"date":"2023-06-20T14:07:10","date_gmt":"2023-06-20T19:07:10","guid":{"rendered":"https:\/\/trans-pro.com\/?page_id=2722"},"modified":"2023-06-20T14:08:14","modified_gmt":"2023-06-20T19:08:14","slug":"politique-en-matiere-de-cookies","status":"publish","type":"page","link":"https:\/\/trans-pro.com\/fr\/politique-en-matiere-de-cookies\/","title":{"rendered":"Politique en mati\u00e8re de cookies"},"content":{"rendered":"\t\t<section  class=\"text-block section-block\" data-scroll-section>\n\t\t\t<div class=\"container\">\n\t\t\t\t<div class=\"row\">\n\t\t\t\t\t<div class=\"col-sm-10 offset-sm-1 content\">\n\t\t\t\t\t\t<h1 class=\"title-1\">Politique en mati\u00e8re de cookies<\/h1>\n\t\t\t\t\t\t\t\t\t\t\t\t\t<p>Date de mise en vigueur : 05 juin 2023<br \/>\nDerni\u00e8re mise \u00e0 jour : 05 juin 2023<\/p>\n<h2 class=\"title-2\">Qu&#8217;est-ce que les cookies ?<\/h2>\n<p>Cette politique sur les cookies explique ce que sont les cookies et comment nous les utilisons, les types de cookies que nous utilisons, c&#8217;est-\u00e0-dire les informations que nous collectons \u00e0 l&#8217;aide de cookies, comment ces informations sont utilis\u00e9es, et comment g\u00e9rer les param\u00e8tres des cookies.<br \/>\nLes cookies sont de petits fichiers texte utilis\u00e9s pour stocker de petites informations. Ils sont stock\u00e9s sur votre appareil lorsque le site Web est charg\u00e9 sur votre navigateur. Ces cookies nous aident \u00e0 faire fonctionner le site Web correctement, \u00e0 le s\u00e9curiser davantage, \u00e0 offrir une meilleure exp\u00e9rience utilisateur, \u00e0 comprendre les performances du site Web et \u00e0 analyser ce qui fonctionne et ce qui doit \u00eatre am\u00e9lior\u00e9.<\/p>\n<h2 class=\"title-2\">Comment utilisons-nous les cookies ?<\/h2>\n<p>Comme la plupart des services en ligne, notre site Web utilise des cookies internes et des cookies tiers \u00e0 plusieurs fins. Les cookies internes sont principalement n\u00e9cessaires au bon fonctionnement du site Web et ne collectent aucune de vos donn\u00e9es personnellement identifiables.<br \/>\nLes cookies tiers utilis\u00e9s sur notre site Web servent principalement \u00e0 comprendre les performances du site Web, \u00e0 analyser votre interaction avec notre site Web, \u00e0 s\u00e9curiser nos services, \u00e0 fournir des publicit\u00e9s pertinentes pour vous, et en fin de compte \u00e0 vous offrir une exp\u00e9rience utilisateur meilleure et am\u00e9lior\u00e9e, ainsi qu&#8217;\u00e0 acc\u00e9l\u00e9rer vos interactions futures avec notre site Web.<\/p>\n<div class=\"cky-audit-table-element\" data-cookie-table><\/div>\n<h2 class=\"title-2\">G\u00e9rer les pr\u00e9f\u00e9rences en mati\u00e8re de cookies<\/h2>\n<p><a class=\"cky-banner-element\">Param\u00e8tres des cookies<\/a><br \/>\nVous pouvez modifier vos pr\u00e9f\u00e9rences en mati\u00e8re de cookies \u00e0 tout moment en cliquant sur le bouton ci-dessus. Cela vous permettra de revoir la banni\u00e8re de consentement aux cookies et de modifier vos pr\u00e9f\u00e9rences ou de retirer imm\u00e9diatement votre consentement.<\/p>\n<p>De plus, diff\u00e9rents navigateurs proposent diff\u00e9rentes m\u00e9thodes pour bloquer et supprimer les cookies utilis\u00e9s par les sites Web. Vous pouvez modifier les param\u00e8tres de votre navigateur pour bloquer\/supprimer les cookies. Ci-dessous, vous trouverez les liens vers les documents d&#8217;assistance sur la gestion et la suppression des cookies des principaux navigateurs Web.<\/p>\n<p>Chrome : <a href=\"https:\/\/support.google.com\/accounts\/answer\/32050\" target=\"_blank\" rel=\"noopener\">https:\/\/support.google.com\/accounts\/answer\/32050<\/a><\/p>\n<p>Safari : <a href=\"https:\/\/support.apple.com\/fr-fr\/guide\/safari\/sfri11471\/mac\" target=\"_blank\" rel=\"noopener\">https:\/\/support.apple.com\/fr-fr\/guide\/safari\/sfri11471\/mac<\/a><\/p>\n<p>Firefox : <a href=\"https:\/\/support.mozilla.org\/fr\/kb\/supprimer-les-cookies-pour-supprimer-les-informations-des-sites-web\" target=\"_blank\" rel=\"noopener\">https:\/\/support.mozilla.org\/fr\/kb\/supprimer-les-cookies-pour-supprimer-les-informations-des-sites-web<\/a><\/p>\n<p>Internet Explorer : <a href=\"https:\/\/support.microsoft.com\/fr-fr\/topic\/supprimer-les-fichiers-cookie-dans-internet-explorer-bca9446f-d873-78de-77ba-d42645fa52fc\" target=\"_blank\" rel=\"noopener\">https:\/\/support.microsoft.com\/fr-fr\/topic\/supprimer-les-fichiers-cookie-dans-internet-explorer-bca9446f-d873-78de-77ba-d42645fa52fc<\/a><\/p>\n<p>Si vous utilisez un autre navigateur web, veuillez consulter les documents de support officiels de votre navigateur.<\/p>\n<p class=\"bottom-note\">Politique sur les cookies g\u00e9n\u00e9r\u00e9e par <a href=\"https:\/\/www.cookieyes.com\/?utm_source=CP&amp;utm_medium=footer&amp;utm_campaign=UW\" target=\"_blank\" rel=\"noopener\">CookieYes &#8211; G\u00e9n\u00e9rateur de politique sur les cookies<\/a>.<\/p>\n\t\t\t\t\t\t\t\t\t\t\t<\/div>\n\t\t\t\t<\/div>\n\t\t\t<\/div>\n\t\t<\/section>\n\t","protected":false},"excerpt":{"rendered":"","protected":false},"author":6,"featured_media":0,"parent":0,"menu_order":8,"comment_status":"closed","ping_status":"closed","template":"","meta":{"_acf_changed":false,"footnotes":""},"acf":[],"yoast_head":"<!-- This site is optimized with the Yoast SEO plugin v22.7 - https:\/\/yoast.com\/wordpress\/plugins\/seo\/ -->\n<title>Politique en mati\u00e8re de cookies - Trans-Pro<\/title>\n<meta name=\"robots\" content=\"index, follow, max-snippet:-1, max-image-preview:large, max-video-preview:-1\" \/>\n<link rel=\"canonical\" href=\"https:\/\/trans-pro.com\/fr\/politique-en-matiere-de-cookies\/\" \/>\n<meta property=\"og:locale\" content=\"fr_FR\" \/>\n<meta property=\"og:type\" content=\"article\" \/>\n<meta property=\"og:title\" content=\"Politique en mati\u00e8re de cookies - Trans-Pro\" \/>\n<meta property=\"og:url\" content=\"https:\/\/trans-pro.com\/fr\/politique-en-matiere-de-cookies\/\" \/>\n<meta property=\"og:site_name\" content=\"Trans-Pro\" \/>\n<meta property=\"article:modified_time\" content=\"2023-06-20T19:08:14+00:00\" \/>\n<meta name=\"twitter:card\" content=\"summary_large_image\" \/>\n<script type=\"application\/ld+json\" class=\"yoast-schema-graph\">{\"@context\":\"https:\/\/schema.org\",\"@graph\":[{\"@type\":\"WebPage\",\"@id\":\"https:\/\/trans-pro.com\/fr\/politique-en-matiere-de-cookies\/\",\"url\":\"https:\/\/trans-pro.com\/fr\/politique-en-matiere-de-cookies\/\",\"name\":\"Politique en mati\u00e8re de cookies - Trans-Pro\",\"isPartOf\":{\"@id\":\"https:\/\/trans-pro.com\/fr\/#website\"},\"datePublished\":\"2023-06-20T19:07:10+00:00\",\"dateModified\":\"2023-06-20T19:08:14+00:00\",\"breadcrumb\":{\"@id\":\"https:\/\/trans-pro.com\/fr\/politique-en-matiere-de-cookies\/#breadcrumb\"},\"inLanguage\":\"fr-FR\",\"potentialAction\":[{\"@type\":\"ReadAction\",\"target\":[\"https:\/\/trans-pro.com\/fr\/politique-en-matiere-de-cookies\/\"]}]},{\"@type\":\"BreadcrumbList\",\"@id\":\"https:\/\/trans-pro.com\/fr\/politique-en-matiere-de-cookies\/#breadcrumb\",\"itemListElement\":[{\"@type\":\"ListItem\",\"position\":1,\"name\":\"Home\",\"item\":\"https:\/\/www.trans-pro.com\/fr\/\"},{\"@type\":\"ListItem\",\"position\":2,\"name\":\"Politique en mati\u00e8re de cookies\"}]},{\"@type\":\"WebSite\",\"@id\":\"https:\/\/trans-pro.com\/fr\/#website\",\"url\":\"https:\/\/trans-pro.com\/fr\/\",\"name\":\"Trans-Pro\",\"description\":\"Just another WordPress site\",\"potentialAction\":[{\"@type\":\"SearchAction\",\"target\":{\"@type\":\"EntryPoint\",\"urlTemplate\":\"https:\/\/trans-pro.com\/fr\/?s={search_term_string}\"},\"query-input\":\"required name=search_term_string\"}],\"inLanguage\":\"fr-FR\"}]}<\/script>\n<!-- \/ Yoast SEO plugin. -->","yoast_head_json":{"title":"Politique en mati\u00e8re de cookies - Trans-Pro","robots":{"index":"index","follow":"follow","max-snippet":"max-snippet:-1","max-image-preview":"max-image-preview:large","max-video-preview":"max-video-preview:-1"},"canonical":"https:\/\/trans-pro.com\/fr\/politique-en-matiere-de-cookies\/","og_locale":"fr_FR","og_type":"article","og_title":"Politique en mati\u00e8re de cookies - Trans-Pro","og_url":"https:\/\/trans-pro.com\/fr\/politique-en-matiere-de-cookies\/","og_site_name":"Trans-Pro","article_modified_time":"2023-06-20T19:08:14+00:00","twitter_card":"summary_large_image","schema":{"@context":"https:\/\/schema.org","@graph":[{"@type":"WebPage","@id":"https:\/\/trans-pro.com\/fr\/politique-en-matiere-de-cookies\/","url":"https:\/\/trans-pro.com\/fr\/politique-en-matiere-de-cookies\/","name":"Politique en mati\u00e8re de cookies - Trans-Pro","isPartOf":{"@id":"https:\/\/trans-pro.com\/fr\/#website"},"datePublished":"2023-06-20T19:07:10+00:00","dateModified":"2023-06-20T19:08:14+00:00","breadcrumb":{"@id":"https:\/\/trans-pro.com\/fr\/politique-en-matiere-de-cookies\/#breadcrumb"},"inLanguage":"fr-FR","potentialAction":[{"@type":"ReadAction","target":["https:\/\/trans-pro.com\/fr\/politique-en-matiere-de-cookies\/"]}]},{"@type":"BreadcrumbList","@id":"https:\/\/trans-pro.com\/fr\/politique-en-matiere-de-cookies\/#breadcrumb","itemListElement":[{"@type":"ListItem","position":1,"name":"Home","item":"https:\/\/www.trans-pro.com\/fr\/"},{"@type":"ListItem","position":2,"name":"Politique en mati\u00e8re de cookies"}]},{"@type":"WebSite","@id":"https:\/\/trans-pro.com\/fr\/#website","url":"https:\/\/trans-pro.com\/fr\/","name":"Trans-Pro","description":"Just another WordPress site","potentialAction":[{"@type":"SearchAction","target":{"@type":"EntryPoint","urlTemplate":"https:\/\/trans-pro.com\/fr\/?s={search_term_string}"},"query-input":"required name=search_term_string"}],"inLanguage":"fr-FR"}]}},"_links":{"self":[{"href":"https:\/\/trans-pro.com\/fr\/wp-json\/wp\/v2\/pages\/2722"}],"collection":[{"href":"https:\/\/trans-pro.com\/fr\/wp-json\/wp\/v2\/pages"}],"about":[{"href":"https:\/\/trans-pro.com\/fr\/wp-json\/wp\/v2\/types\/page"}],"author":[{"embeddable":true,"href":"https:\/\/trans-pro.com\/fr\/wp-json\/wp\/v2\/users\/6"}],"replies":[{"embeddable":true,"href":"https:\/\/trans-pro.com\/fr\/wp-json\/wp\/v2\/comments?post=2722"}],"version-history":[{"count":2,"href":"https:\/\/trans-pro.com\/fr\/wp-json\/wp\/v2\/pages\/2722\/revisions"}],"predecessor-version":[{"id":2724,"href":"https:\/\/trans-pro.com\/fr\/wp-json\/wp\/v2\/pages\/2722\/revisions\/2724"}],"wp:attachment":[{"href":"https:\/\/trans-pro.com\/fr\/wp-json\/wp\/v2\/media?parent=2722"}],"curies":[{"name":"wp","href":"https:\/\/api.w.org\/{rel}","templated":true}]}}