{"id":2725,"date":"2023-06-20T14:07:10","date_gmt":"2023-06-20T19:07:10","guid":{"rendered":"https:\/\/trans-pro.com\/?page_id=2725"},"modified":"2023-06-20T14:13:40","modified_gmt":"2023-06-20T19:13:40","slug":"politica-de-cookies","status":"publish","type":"page","link":"https:\/\/trans-pro.com\/es\/politica-de-cookies\/","title":{"rendered":"Pol\u00edtica de cookies"},"content":{"rendered":"\t\t<section  class=\"text-block section-block\" data-scroll-section>\n\t\t\t<div class=\"container\">\n\t\t\t\t<div class=\"row\">\n\t\t\t\t\t<div class=\"col-sm-10 offset-sm-1 content\">\n\t\t\t\t\t\t<h1 class=\"title-1\">Pol\u00edtica de cookies<\/h1>\n\t\t\t\t\t\t\t\t\t\t\t\t\t<p>Fecha de vigencia: 05-jun-2023<br \/>\n\u00daltima actualizaci\u00f3n: 05-jun-2023<\/p>\n<h2 class=\"title-2\">\u00bfQu\u00e9 son las cookies?<\/h2>\n<p>Esta Pol\u00edtica de Cookies explica qu\u00e9 son las cookies y c\u00f3mo las utilizamos, los tipos de cookies que utilizamos, es decir, la informaci\u00f3n que recopilamos mediante el uso de cookies y c\u00f3mo se utiliza esa informaci\u00f3n, as\u00ed como c\u00f3mo gestionar la configuraci\u00f3n de las cookies.<br \/>\nLas cookies son peque\u00f1os archivos de texto que se utilizan para almacenar peque\u00f1as piezas de informaci\u00f3n. Se almacenan en su dispositivo cuando el sitio web se carga en su navegador. Estas cookies nos ayudan a que el sitio web funcione correctamente, lo hagan m\u00e1s seguro, brinden una mejor experiencia de usuario, comprendan el rendimiento del sitio web y analicen qu\u00e9 funciona y en qu\u00e9 aspectos se necesita mejorar.<\/p>\n<h2 class=\"title-2\">\u00bfC\u00f3mo utilizamos las cookies?<\/h2>\n<p>Al igual que la mayor\u00eda de los servicios en l\u00ednea, nuestro sitio web utiliza cookies de primera y tercera parte con varios fines. Las cookies de primera parte son principalmente necesarias para que el sitio web funcione de la manera correcta y no recopilan ninguno de sus datos de identificaci\u00f3n personal.<br \/>\nLas cookies de terceros utilizadas en nuestro sitio web se utilizan principalmente para comprender c\u00f3mo funciona el sitio web, c\u00f3mo interact\u00faa con nuestro sitio web, mantener nuestros servicios seguros, proporcionarle publicidad relevante y, en general, ofrecerle una experiencia de usuario mejorada y ayudar a acelerar sus interacciones futuras con nuestro sitio web.<\/p>\n<div class=\"cky-audit-table-element\" data-cookie-table><\/div>\n<h2 class=\"title-2\">Gestionar las preferencias de cookies<\/h2>\n<p><a class=\"cky-banner-element\">Configuraci\u00f3n de cookies<\/a><br \/>\nPuede cambiar sus preferencias de cookies en cualquier momento haciendo clic en el bot\u00f3n anterior. Esto le permitir\u00e1 revisar el banner de consentimiento de cookies y cambiar sus preferencias o retirar su consentimiento de inmediato.<\/p>\n<p>Adem\u00e1s, los diferentes navegadores proporcionan diferentes m\u00e9todos para bloquear y eliminar las cookies utilizadas por los sitios web. Puede cambiar la configuraci\u00f3n de su navegador para bloquear\/eliminar las cookies. A continuaci\u00f3n, se muestran los enlaces a los documentos de soporte sobre c\u00f3mo gestionar y eliminar las cookies de los principales navegadores web.<\/p>\n<p>Chrome: <a href=\"https:\/\/support.google.com\/accounts\/answer\/32050\" target=\"_blank\" rel=\"noopener\">https:\/\/support.google.com\/accounts\/answer\/32050<\/a><\/p>\n<p>Safari: <a href=\"https:\/\/support.apple.com\/es-es\/guide\/safari\/sfri11471\/mac\" target=\"_blank\" rel=\"noopener\">https:\/\/support.apple.com\/es-es\/guide\/safari\/sfri11471\/mac<\/a><\/p>\n<p>Firefox: <a href=\"https:\/\/support.mozilla.org\/es\/kb\/borrar-cookies-y-datos-de-sitios-en-firefox\" target=\"_blank\" rel=\"noopener\">https:\/\/support.mozilla.org\/es\/kb\/borrar-cookies-y-datos-de-sitios-en-firefox<\/a><\/p>\n<p>Internet Explorer: <a href=\"https:\/\/support.microsoft.com\/es-es\/topic\/c%C3%B3mo-eliminar-los-archivos-cookie-en-internet-explorer-bca9446f-d873-78de-77ba-d42645fa52fc\" target=\"_blank\" rel=\"noopener\">https:\/\/support.microsoft.com\/es-es\/topic\/c%C3%B3mo-eliminar-los-archivos-cookie-en-internet-explorer-bca9446f-d873-78de-77ba-d42645fa52fc<\/a><\/p>\n<p>Si est\u00e1 utilizando otro navegador web, visite los documentos de soporte oficiales de su navegador.<\/p>\n<p class=\"bottom-note\">Pol\u00edtica de cookies generada por <a href=\"https:\/\/www.cookieyes.com\/?utm_source=CP&amp;utm_medium=footer&amp;utm_campaign=UW\" target=\"_blank\" rel=\"noopener\">CookieYes &#8211; Generador de pol\u00edticas de cookies<\/a>.<\/p>\n\t\t\t\t\t\t\t\t\t\t\t<\/div>\n\t\t\t\t<\/div>\n\t\t\t<\/div>\n\t\t<\/section>\n\t","protected":false},"excerpt":{"rendered":"","protected":false},"author":6,"featured_media":0,"parent":0,"menu_order":7,"comment_status":"closed","ping_status":"closed","template":"","meta":{"_acf_changed":false,"footnotes":""},"acf":[],"yoast_head":"<!-- This site is optimized with the Yoast SEO plugin v22.7 - https:\/\/yoast.com\/wordpress\/plugins\/seo\/ -->\n<title>Pol\u00edtica de cookies - Trans-Pro Logistics<\/title>\n<meta name=\"robots\" content=\"index, follow, max-snippet:-1, max-image-preview:large, max-video-preview:-1\" \/>\n<link rel=\"canonical\" href=\"https:\/\/trans-pro.com\/es\/politica-de-cookies\/\" \/>\n<meta property=\"og:locale\" content=\"es_ES\" \/>\n<meta property=\"og:type\" content=\"article\" \/>\n<meta property=\"og:title\" content=\"Pol\u00edtica de cookies - Trans-Pro Logistics\" \/>\n<meta property=\"og:url\" content=\"https:\/\/trans-pro.com\/es\/politica-de-cookies\/\" \/>\n<meta property=\"og:site_name\" content=\"Trans-Pro Logistics\" \/>\n<meta property=\"article:modified_time\" content=\"2023-06-20T19:13:40+00:00\" \/>\n<meta name=\"twitter:card\" content=\"summary_large_image\" \/>\n<script type=\"application\/ld+json\" class=\"yoast-schema-graph\">{\"@context\":\"https:\/\/schema.org\",\"@graph\":[{\"@type\":\"WebPage\",\"@id\":\"https:\/\/trans-pro.com\/es\/politica-de-cookies\/\",\"url\":\"https:\/\/trans-pro.com\/es\/politica-de-cookies\/\",\"name\":\"Pol\u00edtica de cookies - Trans-Pro Logistics\",\"isPartOf\":{\"@id\":\"https:\/\/trans-pro.com\/es\/#website\"},\"datePublished\":\"2023-06-20T19:07:10+00:00\",\"dateModified\":\"2023-06-20T19:13:40+00:00\",\"breadcrumb\":{\"@id\":\"https:\/\/trans-pro.com\/es\/politica-de-cookies\/#breadcrumb\"},\"inLanguage\":\"es-ES\",\"potentialAction\":[{\"@type\":\"ReadAction\",\"target\":[\"https:\/\/trans-pro.com\/es\/politica-de-cookies\/\"]}]},{\"@type\":\"BreadcrumbList\",\"@id\":\"https:\/\/trans-pro.com\/es\/politica-de-cookies\/#breadcrumb\",\"itemListElement\":[{\"@type\":\"ListItem\",\"position\":1,\"name\":\"Home\",\"item\":\"https:\/\/trans-pro.com\/es\/\"},{\"@type\":\"ListItem\",\"position\":2,\"name\":\"Pol\u00edtica de cookies\"}]},{\"@type\":\"WebSite\",\"@id\":\"https:\/\/trans-pro.com\/es\/#website\",\"url\":\"https:\/\/trans-pro.com\/es\/\",\"name\":\"Trans-Pro Logistics\",\"description\":\"EST. 1989\",\"potentialAction\":[{\"@type\":\"SearchAction\",\"target\":{\"@type\":\"EntryPoint\",\"urlTemplate\":\"https:\/\/trans-pro.com\/es\/?s={search_term_string}\"},\"query-input\":\"required name=search_term_string\"}],\"inLanguage\":\"es-ES\"}]}<\/script>\n<!-- \/ Yoast SEO plugin. -->","yoast_head_json":{"title":"Pol\u00edtica de cookies - Trans-Pro Logistics","robots":{"index":"index","follow":"follow","max-snippet":"max-snippet:-1","max-image-preview":"max-image-preview:large","max-video-preview":"max-video-preview:-1"},"canonical":"https:\/\/trans-pro.com\/es\/politica-de-cookies\/","og_locale":"es_ES","og_type":"article","og_title":"Pol\u00edtica de cookies - Trans-Pro Logistics","og_url":"https:\/\/trans-pro.com\/es\/politica-de-cookies\/","og_site_name":"Trans-Pro Logistics","article_modified_time":"2023-06-20T19:13:40+00:00","twitter_card":"summary_large_image","schema":{"@context":"https:\/\/schema.org","@graph":[{"@type":"WebPage","@id":"https:\/\/trans-pro.com\/es\/politica-de-cookies\/","url":"https:\/\/trans-pro.com\/es\/politica-de-cookies\/","name":"Pol\u00edtica de cookies - Trans-Pro Logistics","isPartOf":{"@id":"https:\/\/trans-pro.com\/es\/#website"},"datePublished":"2023-06-20T19:07:10+00:00","dateModified":"2023-06-20T19:13:40+00:00","breadcrumb":{"@id":"https:\/\/trans-pro.com\/es\/politica-de-cookies\/#breadcrumb"},"inLanguage":"es-ES","potentialAction":[{"@type":"ReadAction","target":["https:\/\/trans-pro.com\/es\/politica-de-cookies\/"]}]},{"@type":"BreadcrumbList","@id":"https:\/\/trans-pro.com\/es\/politica-de-cookies\/#breadcrumb","itemListElement":[{"@type":"ListItem","position":1,"name":"Home","item":"https:\/\/trans-pro.com\/es\/"},{"@type":"ListItem","position":2,"name":"Pol\u00edtica de cookies"}]},{"@type":"WebSite","@id":"https:\/\/trans-pro.com\/es\/#website","url":"https:\/\/trans-pro.com\/es\/","name":"Trans-Pro Logistics","description":"EST. 1989","potentialAction":[{"@type":"SearchAction","target":{"@type":"EntryPoint","urlTemplate":"https:\/\/trans-pro.com\/es\/?s={search_term_string}"},"query-input":"required name=search_term_string"}],"inLanguage":"es-ES"}]}},"_links":{"self":[{"href":"https:\/\/trans-pro.com\/es\/wp-json\/wp\/v2\/pages\/2725"}],"collection":[{"href":"https:\/\/trans-pro.com\/es\/wp-json\/wp\/v2\/pages"}],"about":[{"href":"https:\/\/trans-pro.com\/es\/wp-json\/wp\/v2\/types\/page"}],"author":[{"embeddable":true,"href":"https:\/\/trans-pro.com\/es\/wp-json\/wp\/v2\/users\/6"}],"replies":[{"embeddable":true,"href":"https:\/\/trans-pro.com\/es\/wp-json\/wp\/v2\/comments?post=2725"}],"version-history":[{"count":2,"href":"https:\/\/trans-pro.com\/es\/wp-json\/wp\/v2\/pages\/2725\/revisions"}],"predecessor-version":[{"id":2727,"href":"https:\/\/trans-pro.com\/es\/wp-json\/wp\/v2\/pages\/2725\/revisions\/2727"}],"wp:attachment":[{"href":"https:\/\/trans-pro.com\/es\/wp-json\/wp\/v2\/media?parent=2725"}],"curies":[{"name":"wp","href":"https:\/\/api.w.org\/{rel}","templated":true}]}}