{"id":2373,"date":"2022-07-27T16:05:19","date_gmt":"2022-07-27T21:05:19","guid":{"rendered":"https:\/\/trans-pro.com\/?page_id=2373"},"modified":"2023-06-20T19:47:29","modified_gmt":"2023-06-21T00:47:29","slug":"politica-privacidad","status":"publish","type":"page","link":"https:\/\/trans-pro.com\/es\/politica-privacidad\/","title":{"rendered":"Politica de privacidad"},"content":{"rendered":"\t\t<section  class=\"text-block section-block\" data-scroll-section>\n\t\t\t<div class=\"container\">\n\t\t\t\t<div class=\"row\">\n\t\t\t\t\t<div class=\"col-sm-10 offset-sm-1 content\">\n\t\t\t\t\t\t<h1 class=\"title-1\">Politica de privacidad<\/h1>\n\t\t\t\t\t\t\t\t\t\t\t\t\t<p>\u00daltima actualizaci\u00f3n el 29 de mayo de 2023<br \/>\nFecha de vigencia 29 de mayo de 2023<\/p>\n<p>Esta Pol\u00edtica de privacidad describe las pol\u00edticas de Trans-Pro Logistics, 407 McGIll Street, Quebec H2Y 2G3, Canad\u00e1, correo electr\u00f3nico: info@trans-pro.com, tel\u00e9fono: (800) 463-7532 sobre la recopilaci\u00f3n, el uso y la divulgaci\u00f3n de su informaci\u00f3n. que recopilamos cuando utiliza nuestro sitio web ( trans-pro.com ). (el servicio&#8221;). Al acceder o utilizar el Servicio, usted acepta la recopilaci\u00f3n, el uso y la divulgaci\u00f3n de su informaci\u00f3n de acuerdo con esta Pol\u00edtica de privacidad. Si no da su consentimiento, no acceda ni utilice el Servicio.<\/p>\n<p>Podemos modificar esta Pol\u00edtica de privacidad en cualquier momento sin previo aviso y publicaremos la Pol\u00edtica de privacidad revisada en el Servicio. La Pol\u00edtica revisada entrar\u00e1 en vigencia 180 d\u00edas despu\u00e9s de que la Pol\u00edtica revisada se publique en el Servicio y su acceso o uso continuo del Servicio despu\u00e9s de ese tiempo constituir\u00e1 su aceptaci\u00f3n de la Pol\u00edtica de privacidad revisada. Por lo tanto, le recomendamos que revise peri\u00f3dicamente esta p\u00e1gina.<\/p>\n<p><strong>Informaci\u00f3n que recopilamos:<\/strong><br \/>\nRecopilaremos y procesaremos la siguiente informaci\u00f3n personal sobre usted:<\/p>\n<ul>\n<li>Nombre<\/li>\n<li>Correo electr\u00f3nico<\/li>\n<li>M\u00f3vil<\/li>\n<li>Nombre de empresa<\/li>\n<\/ul>\n<p><strong>C\u00f3mo usamos su informaci\u00f3n:<\/strong><br \/>\nUsaremos la informaci\u00f3n que recopilamos sobre usted para los siguientes prop\u00f3sitos:<\/p>\n<ul>\n<li>Apoyo<\/li>\n<li>Gestionar pedido de cliente<\/li>\n<\/ul>\n<p>Si queremos usar su informaci\u00f3n para cualquier otro prop\u00f3sito, le pediremos su consentimiento y usaremos su informaci\u00f3n solo al recibir su consentimiento y luego, solo para los fines para los cuales otorgue el consentimiento, a menos que se nos solicite lo contrario por ley.<\/p>\n<p><strong>Retenci\u00f3n de su informaci\u00f3n:<\/strong><br \/>\nConservaremos su informaci\u00f3n personal con nosotros durante 90 d\u00edas a 2 a\u00f1os despu\u00e9s de que las cuentas de usuario permanezcan inactivas o durante el tiempo que la necesitemos para cumplir con los fines para los que se recopil\u00f3, como se detalla en esta Pol\u00edtica de privacidad. Es posible que necesitemos conservar cierta informaci\u00f3n durante per\u00edodos m\u00e1s largos, como el mantenimiento de registros\/informes de acuerdo con la ley aplicable o por otras razones leg\u00edtimas, como el cumplimiento de los derechos legales, la prevenci\u00f3n del fraude, etc. Informaci\u00f3n an\u00f3nima residual e informaci\u00f3n agregada, ninguna de las cuales lo identifica (directa o indirectamente), puede almacenarse indefinidamente.<\/p>\n<p><strong>Tus derechos:<\/strong><br \/>\nDependiendo de la ley que se aplique, puede tener derecho a acceder y rectificar o borrar sus datos personales o recibir una copia de sus datos personales, restringir u oponerse al procesamiento activo de sus datos, pedirnos que compartamos (portemos) su informaci\u00f3n personal informaci\u00f3n a otra entidad, retirar cualquier consentimiento que nos haya proporcionado para procesar sus datos, el derecho a presentar una queja ante una autoridad legal y cualquier otro derecho que pueda ser relevante seg\u00fan las leyes aplicables. Para ejercer estos derechos, puede escribirnos a info@trans-pro.com. Responderemos a su solicitud de acuerdo con la ley aplicable.<\/p>\n<p>Puede optar por no recibir comunicaciones de marketing directo o la elaboraci\u00f3n de perfiles que realizamos con fines de marketing escribi\u00e9ndonos a info@trans-pro.com.<\/p>\n<p>Tenga en cuenta que si no nos permite recopilar o procesar la informaci\u00f3n personal requerida o retirar el consentimiento para procesar la misma para los fines requeridos, es posible que no pueda acceder o utilizar los servicios para los que se solicit\u00f3 su informaci\u00f3n.<\/p>\n<p><strong>Cookies Etc<\/strong><br \/>\nPara obtener m\u00e1s informaci\u00f3n sobre c\u00f3mo usamos estos y sus opciones en relaci\u00f3n con estas tecnolog\u00edas de seguimiento, consulte nuestro <a href=\"https:\/\/trans-pro.com\/es\/politica-de-cookies\/\">Pol\u00edtica de cookies<\/a>.<\/p>\n<p><strong>Seguridad:<\/strong><br \/>\nLa seguridad de su informaci\u00f3n es importante para nosotros y utilizaremos medidas de seguridad razonables para evitar la p\u00e9rdida, mal uso o alteraci\u00f3n no autorizada de su informaci\u00f3n bajo nuestro control. Sin embargo, dados los riesgos inherentes, no podemos garantizar la seguridad absoluta y, en consecuencia, no podemos asegurar ni garantizar la seguridad de cualquier informaci\u00f3n que nos transmita y lo hace bajo su propio riesgo.<\/p>\n<p><strong>Responsable de Quejas\/Protecci\u00f3n de Datos:<\/strong><br \/>\nSi tiene alguna consulta o inquietud sobre el procesamiento de su informaci\u00f3n que est\u00e1 disponible con nosotros, puede enviar un correo electr\u00f3nico a nuestro oficial de quejas en Trans-Pro Logistics, 407 McGIll Street, correo electr\u00f3nico: info@trans-pro.com. Abordaremos sus inquietudes de acuerdo con la ley aplicable.<\/p>\n\t\t\t\t\t\t\t\t\t\t\t<\/div>\n\t\t\t\t<\/div>\n\t\t\t<\/div>\n\t\t<\/section>\n\t","protected":false},"excerpt":{"rendered":"","protected":false},"author":9,"featured_media":0,"parent":0,"menu_order":57,"comment_status":"closed","ping_status":"closed","template":"","meta":{"_acf_changed":false,"footnotes":""},"acf":[],"yoast_head":"<!-- This site is optimized with the Yoast SEO plugin v22.7 - https:\/\/yoast.com\/wordpress\/plugins\/seo\/ -->\n<title>Politica de privacidad - Trans-Pro Logistics<\/title>\n<meta name=\"robots\" content=\"index, follow, max-snippet:-1, max-image-preview:large, max-video-preview:-1\" \/>\n<link rel=\"canonical\" href=\"https:\/\/trans-pro.com\/es\/politica-privacidad\/\" \/>\n<meta property=\"og:locale\" content=\"es_ES\" \/>\n<meta property=\"og:type\" content=\"article\" \/>\n<meta property=\"og:title\" content=\"Politica de privacidad - Trans-Pro Logistics\" \/>\n<meta property=\"og:url\" content=\"https:\/\/trans-pro.com\/es\/politica-privacidad\/\" \/>\n<meta property=\"og:site_name\" content=\"Trans-Pro Logistics\" \/>\n<meta property=\"article:modified_time\" content=\"2023-06-21T00:47:29+00:00\" \/>\n<meta name=\"twitter:card\" content=\"summary_large_image\" \/>\n<script type=\"application\/ld+json\" class=\"yoast-schema-graph\">{\"@context\":\"https:\/\/schema.org\",\"@graph\":[{\"@type\":\"WebPage\",\"@id\":\"https:\/\/trans-pro.com\/es\/politica-privacidad\/\",\"url\":\"https:\/\/trans-pro.com\/es\/politica-privacidad\/\",\"name\":\"Politica de privacidad - Trans-Pro Logistics\",\"isPartOf\":{\"@id\":\"https:\/\/trans-pro.com\/es\/#website\"},\"datePublished\":\"2022-07-27T21:05:19+00:00\",\"dateModified\":\"2023-06-21T00:47:29+00:00\",\"breadcrumb\":{\"@id\":\"https:\/\/trans-pro.com\/es\/politica-privacidad\/#breadcrumb\"},\"inLanguage\":\"es-ES\",\"potentialAction\":[{\"@type\":\"ReadAction\",\"target\":[\"https:\/\/trans-pro.com\/es\/politica-privacidad\/\"]}]},{\"@type\":\"BreadcrumbList\",\"@id\":\"https:\/\/trans-pro.com\/es\/politica-privacidad\/#breadcrumb\",\"itemListElement\":[{\"@type\":\"ListItem\",\"position\":1,\"name\":\"Home\",\"item\":\"https:\/\/www.trans-pro.com\/es\/\"},{\"@type\":\"ListItem\",\"position\":2,\"name\":\"Politica de privacidad\"}]},{\"@type\":\"WebSite\",\"@id\":\"https:\/\/trans-pro.com\/es\/#website\",\"url\":\"https:\/\/trans-pro.com\/es\/\",\"name\":\"Trans-Pro Logistics\",\"description\":\"EST. 1989\",\"potentialAction\":[{\"@type\":\"SearchAction\",\"target\":{\"@type\":\"EntryPoint\",\"urlTemplate\":\"https:\/\/trans-pro.com\/es\/?s={search_term_string}\"},\"query-input\":\"required name=search_term_string\"}],\"inLanguage\":\"es-ES\"}]}<\/script>\n<!-- \/ Yoast SEO plugin. -->","yoast_head_json":{"title":"Politica de privacidad - Trans-Pro Logistics","robots":{"index":"index","follow":"follow","max-snippet":"max-snippet:-1","max-image-preview":"max-image-preview:large","max-video-preview":"max-video-preview:-1"},"canonical":"https:\/\/trans-pro.com\/es\/politica-privacidad\/","og_locale":"es_ES","og_type":"article","og_title":"Politica de privacidad - Trans-Pro Logistics","og_url":"https:\/\/trans-pro.com\/es\/politica-privacidad\/","og_site_name":"Trans-Pro Logistics","article_modified_time":"2023-06-21T00:47:29+00:00","twitter_card":"summary_large_image","schema":{"@context":"https:\/\/schema.org","@graph":[{"@type":"WebPage","@id":"https:\/\/trans-pro.com\/es\/politica-privacidad\/","url":"https:\/\/trans-pro.com\/es\/politica-privacidad\/","name":"Politica de privacidad - Trans-Pro Logistics","isPartOf":{"@id":"https:\/\/trans-pro.com\/es\/#website"},"datePublished":"2022-07-27T21:05:19+00:00","dateModified":"2023-06-21T00:47:29+00:00","breadcrumb":{"@id":"https:\/\/trans-pro.com\/es\/politica-privacidad\/#breadcrumb"},"inLanguage":"es-ES","potentialAction":[{"@type":"ReadAction","target":["https:\/\/trans-pro.com\/es\/politica-privacidad\/"]}]},{"@type":"BreadcrumbList","@id":"https:\/\/trans-pro.com\/es\/politica-privacidad\/#breadcrumb","itemListElement":[{"@type":"ListItem","position":1,"name":"Home","item":"https:\/\/www.trans-pro.com\/es\/"},{"@type":"ListItem","position":2,"name":"Politica de privacidad"}]},{"@type":"WebSite","@id":"https:\/\/trans-pro.com\/es\/#website","url":"https:\/\/trans-pro.com\/es\/","name":"Trans-Pro Logistics","description":"EST. 1989","potentialAction":[{"@type":"SearchAction","target":{"@type":"EntryPoint","urlTemplate":"https:\/\/trans-pro.com\/es\/?s={search_term_string}"},"query-input":"required name=search_term_string"}],"inLanguage":"es-ES"}]}},"_links":{"self":[{"href":"https:\/\/trans-pro.com\/es\/wp-json\/wp\/v2\/pages\/2373"}],"collection":[{"href":"https:\/\/trans-pro.com\/es\/wp-json\/wp\/v2\/pages"}],"about":[{"href":"https:\/\/trans-pro.com\/es\/wp-json\/wp\/v2\/types\/page"}],"author":[{"embeddable":true,"href":"https:\/\/trans-pro.com\/es\/wp-json\/wp\/v2\/users\/9"}],"replies":[{"embeddable":true,"href":"https:\/\/trans-pro.com\/es\/wp-json\/wp\/v2\/comments?post=2373"}],"version-history":[{"count":5,"href":"https:\/\/trans-pro.com\/es\/wp-json\/wp\/v2\/pages\/2373\/revisions"}],"predecessor-version":[{"id":2748,"href":"https:\/\/trans-pro.com\/es\/wp-json\/wp\/v2\/pages\/2373\/revisions\/2748"}],"wp:attachment":[{"href":"https:\/\/trans-pro.com\/es\/wp-json\/wp\/v2\/media?parent=2373"}],"curies":[{"name":"wp","href":"https:\/\/api.w.org\/{rel}","templated":true}]}}