{"id":160,"date":"2022-06-30T19:17:33","date_gmt":"2022-07-01T00:17:33","guid":{"rendered":"https:\/\/trans-pro.com\/home\/"},"modified":"2022-11-23T19:52:10","modified_gmt":"2022-11-23T19:52:10","slug":"inicio","status":"publish","type":"page","link":"https:\/\/trans-pro.com\/es\/","title":{"rendered":"Home"},"content":{"rendered":"\n\t\t<section  class=\"hero-section\" data-scroll-section >\n\t\t\t<div class=\"hero-bg\">\n\t\t\t\t\t\t\t\t\t<img loading=\"lazy\" decoding=\"async\" width=\"1920\" height=\"1080\" src=\"https:\/\/s3.ca-central-1.amazonaws.com\/cdn.trans-pro.com\/wp-content\/uploads\/2022\/10\/transpro-ajustement-1920x1080.jpg\" class=\"image\" alt=\"\" srcset=\"https:\/\/s3.ca-central-1.amazonaws.com\/cdn.trans-pro.com\/wp-content\/uploads\/2022\/10\/transpro-ajustement-1920x1080.jpg 1920w, https:\/\/s3.ca-central-1.amazonaws.com\/cdn.trans-pro.com\/wp-content\/uploads\/2022\/10\/transpro-ajustement-842x474.jpg 842w, https:\/\/s3.ca-central-1.amazonaws.com\/cdn.trans-pro.com\/wp-content\/uploads\/2022\/10\/transpro-ajustement-1024x576.jpg 1024w, https:\/\/s3.ca-central-1.amazonaws.com\/cdn.trans-pro.com\/wp-content\/uploads\/2022\/10\/transpro-ajustement-768x432.jpg 768w, https:\/\/s3.ca-central-1.amazonaws.com\/cdn.trans-pro.com\/wp-content\/uploads\/2022\/10\/transpro-ajustement-1536x864.jpg 1536w, https:\/\/s3.ca-central-1.amazonaws.com\/cdn.trans-pro.com\/wp-content\/uploads\/2022\/10\/transpro-ajustement-2048x1152.jpg 2048w, https:\/\/s3.ca-central-1.amazonaws.com\/cdn.trans-pro.com\/wp-content\/uploads\/2022\/10\/transpro-ajustement-1707x960.jpg 1707w, https:\/\/s3.ca-central-1.amazonaws.com\/cdn.trans-pro.com\/wp-content\/uploads\/2022\/10\/transpro-ajustement-935x526.jpg 935w, https:\/\/s3.ca-central-1.amazonaws.com\/cdn.trans-pro.com\/wp-content\/uploads\/2022\/10\/transpro-ajustement-770x433.jpg 770w, https:\/\/s3.ca-central-1.amazonaws.com\/cdn.trans-pro.com\/wp-content\/uploads\/2022\/10\/transpro-ajustement-960x540.jpg 960w, https:\/\/s3.ca-central-1.amazonaws.com\/cdn.trans-pro.com\/wp-content\/uploads\/2022\/10\/transpro-ajustement-795x447.jpg 795w, https:\/\/s3.ca-central-1.amazonaws.com\/cdn.trans-pro.com\/wp-content\/uploads\/2022\/10\/transpro-ajustement-500x281.jpg 500w, https:\/\/s3.ca-central-1.amazonaws.com\/cdn.trans-pro.com\/wp-content\/uploads\/2022\/10\/transpro-ajustement-150x84.jpg 150w, https:\/\/s3.ca-central-1.amazonaws.com\/cdn.trans-pro.com\/wp-content\/uploads\/2022\/10\/transpro-ajustement-800x450.jpg 800w, https:\/\/s3.ca-central-1.amazonaws.com\/cdn.trans-pro.com\/wp-content\/uploads\/2022\/10\/transpro-ajustement-548x308.jpg 548w, https:\/\/s3.ca-central-1.amazonaws.com\/cdn.trans-pro.com\/wp-content\/uploads\/2022\/10\/transpro-ajustement-403x227.jpg 403w, https:\/\/s3.ca-central-1.amazonaws.com\/cdn.trans-pro.com\/wp-content\/uploads\/2022\/10\/transpro-ajustement-100x56.jpg 100w\" sizes=\"(max-width: 1920px) 100vw, 1920px\" \/>\t\t\t\t\t\t\t<\/div>\n\n\t\t\t<div class=\"mobile-bg\">\n\t\t\t\t\t\t\t\t\t<img loading=\"lazy\" decoding=\"async\" width=\"820\" height=\"1180\" src=\"https:\/\/s3.ca-central-1.amazonaws.com\/cdn.trans-pro.com\/wp-content\/uploads\/2022\/10\/transpro-mobile-ajustement-1.jpg\" class=\"mobile-img\" alt=\"\" srcset=\"https:\/\/s3.ca-central-1.amazonaws.com\/cdn.trans-pro.com\/wp-content\/uploads\/2022\/10\/transpro-mobile-ajustement-1.jpg 820w, https:\/\/s3.ca-central-1.amazonaws.com\/cdn.trans-pro.com\/wp-content\/uploads\/2022\/10\/transpro-mobile-ajustement-1-438x630.jpg 438w, https:\/\/s3.ca-central-1.amazonaws.com\/cdn.trans-pro.com\/wp-content\/uploads\/2022\/10\/transpro-mobile-ajustement-1-712x1024.jpg 712w, https:\/\/s3.ca-central-1.amazonaws.com\/cdn.trans-pro.com\/wp-content\/uploads\/2022\/10\/transpro-mobile-ajustement-1-768x1105.jpg 768w, https:\/\/s3.ca-central-1.amazonaws.com\/cdn.trans-pro.com\/wp-content\/uploads\/2022\/10\/transpro-mobile-ajustement-1-667x960.jpg 667w, https:\/\/s3.ca-central-1.amazonaws.com\/cdn.trans-pro.com\/wp-content\/uploads\/2022\/10\/transpro-mobile-ajustement-1-417x600.jpg 417w, https:\/\/s3.ca-central-1.amazonaws.com\/cdn.trans-pro.com\/wp-content\/uploads\/2022\/10\/transpro-mobile-ajustement-1-500x720.jpg 500w, https:\/\/s3.ca-central-1.amazonaws.com\/cdn.trans-pro.com\/wp-content\/uploads\/2022\/10\/transpro-mobile-ajustement-1-563x810.jpg 563w, https:\/\/s3.ca-central-1.amazonaws.com\/cdn.trans-pro.com\/wp-content\/uploads\/2022\/10\/transpro-mobile-ajustement-1-264x380.jpg 264w, https:\/\/s3.ca-central-1.amazonaws.com\/cdn.trans-pro.com\/wp-content\/uploads\/2022\/10\/transpro-mobile-ajustement-1-104x150.jpg 104w, https:\/\/s3.ca-central-1.amazonaws.com\/cdn.trans-pro.com\/wp-content\/uploads\/2022\/10\/transpro-mobile-ajustement-1-800x1151.jpg 800w, https:\/\/s3.ca-central-1.amazonaws.com\/cdn.trans-pro.com\/wp-content\/uploads\/2022\/10\/transpro-mobile-ajustement-1-570x820.jpg 570w, https:\/\/s3.ca-central-1.amazonaws.com\/cdn.trans-pro.com\/wp-content\/uploads\/2022\/10\/transpro-mobile-ajustement-1-286x411.jpg 286w, https:\/\/s3.ca-central-1.amazonaws.com\/cdn.trans-pro.com\/wp-content\/uploads\/2022\/10\/transpro-mobile-ajustement-1-373x537.jpg 373w, https:\/\/s3.ca-central-1.amazonaws.com\/cdn.trans-pro.com\/wp-content\/uploads\/2022\/10\/transpro-mobile-ajustement-1-69x100.jpg 69w\" sizes=\"(max-width: 820px) 100vw, 820px\" \/>\t\t\t\t\t\t\t<\/div>\n\t\t\t\t\n\t\t\t<div class=\"blue-shape\">\n\t\t\t\t\n\n\n\n\t<svg\n\t \n\twidth=\"1920\" height=\"2420\" xmlns=\"http:\/\/www.w3.org\/2000\/svg\" viewBox=\"0 0 1920 2420\"><path d=\"m514.754 0 467.304 522.567L0 1539.256V2420l1006.648-1018.491L1920 478.947V0z\" fill=\"#2359B3\" fill-rule=\"evenodd\"\/><\/svg>\n\t\t\t<\/div>\n\t\t\t<div class=\"col-md-10 hero-content\">\n\t\t\t\t<h1 class=\"title-1 title-hero\">Soluciones log\u00edsticas de transporte de primer nivel en Canad\u00e1, Estados Unidos y M\u00e9xico<\/h1>\t\t\t\t\t\t\t\t\t<div class=\"subtitle-hero underline\"><p>Cualquiera que sea su necesidad de log\u00edstica de transporte, Trans-Pro siempre le brindar\u00e1 <span class=\"underline\">soluciones satisfactorias<\/span>.<\/p>\n<\/div>\n\t\t\t\t\t\t\t<\/div>\n\n\t\t\t<button class=\"button-round hero-btn\" data-scroll=\"next\">\n\t\t\t\t<span class=\"sr-only\">Despl\u00e1cese a la siguiente secci\u00f3n<\/span>\n\t\t\t\t<span class=\"arrow left\"><i class=\"icon-long-arrow-right\" aria-hidden=\"true\"><\/i><\/span>\n\t\t\t\t<span class=\"arrow right\"><i class=\"icon-long-arrow-right\" aria-hidden=\"true\"><\/i><\/span>\n\t\t\t<\/button>\n\t\t<\/section>\n\n\t\t\n\n\t\t<section  class=\"half-half section-block  \" data-scroll-section>\n\t\t\t<div class=\"container\">\n\t\t\t\t<div class=\"row\">\n\t\t\t\t\t<div class=\"col-md-6 half-img\">\n\t\t\t\t\t\t\t\t\t\t\t\t\t<img loading=\"lazy\" decoding=\"async\" width=\"589\" height=\"600\" src=\"https:\/\/s3.ca-central-1.amazonaws.com\/cdn.trans-pro.com\/wp-content\/uploads\/2022\/10\/shipping-services-589x600.jpg\" class=\"attachment-half_half size-half_half\" alt=\"\" srcset=\"https:\/\/s3.ca-central-1.amazonaws.com\/cdn.trans-pro.com\/wp-content\/uploads\/2022\/10\/shipping-services-589x600.jpg 589w, https:\/\/s3.ca-central-1.amazonaws.com\/cdn.trans-pro.com\/wp-content\/uploads\/2022\/10\/shipping-services-618x630.jpg 618w, https:\/\/s3.ca-central-1.amazonaws.com\/cdn.trans-pro.com\/wp-content\/uploads\/2022\/10\/shipping-services-1005x1024.jpg 1005w, https:\/\/s3.ca-central-1.amazonaws.com\/cdn.trans-pro.com\/wp-content\/uploads\/2022\/10\/shipping-services-768x782.jpg 768w, https:\/\/s3.ca-central-1.amazonaws.com\/cdn.trans-pro.com\/wp-content\/uploads\/2022\/10\/shipping-services-1508x1536.jpg 1508w, https:\/\/s3.ca-central-1.amazonaws.com\/cdn.trans-pro.com\/wp-content\/uploads\/2022\/10\/shipping-services-942x960.jpg 942w, https:\/\/s3.ca-central-1.amazonaws.com\/cdn.trans-pro.com\/wp-content\/uploads\/2022\/10\/shipping-services-707x720.jpg 707w, https:\/\/s3.ca-central-1.amazonaws.com\/cdn.trans-pro.com\/wp-content\/uploads\/2022\/10\/shipping-services-795x810.jpg 795w, https:\/\/s3.ca-central-1.amazonaws.com\/cdn.trans-pro.com\/wp-content\/uploads\/2022\/10\/shipping-services-373x380.jpg 373w, https:\/\/s3.ca-central-1.amazonaws.com\/cdn.trans-pro.com\/wp-content\/uploads\/2022\/10\/shipping-services-147x150.jpg 147w, https:\/\/s3.ca-central-1.amazonaws.com\/cdn.trans-pro.com\/wp-content\/uploads\/2022\/10\/shipping-services-800x815.jpg 800w, https:\/\/s3.ca-central-1.amazonaws.com\/cdn.trans-pro.com\/wp-content\/uploads\/2022\/10\/shipping-services-805x820.jpg 805w, https:\/\/s3.ca-central-1.amazonaws.com\/cdn.trans-pro.com\/wp-content\/uploads\/2022\/10\/shipping-services-403x411.jpg 403w, https:\/\/s3.ca-central-1.amazonaws.com\/cdn.trans-pro.com\/wp-content\/uploads\/2022\/10\/shipping-services-98x100.jpg 98w, https:\/\/s3.ca-central-1.amazonaws.com\/cdn.trans-pro.com\/wp-content\/uploads\/2022\/10\/shipping-services.jpg 1592w\" sizes=\"(max-width: 589px) 100vw, 589px\" \/>\t\t\t\t\t\t\t\t\t\t\t<\/div>\n\t\t\t\t\t<div class=\"col-md-6 half-content\">\n\t\t\t\t\t\t<div class=\"half-titles-wrapper\">\n\t\t\t\t\t\t\t\n\t\t\t\t\t\t\t<div class=\"title\">\n\t\t\t\t\t\t\t\t<h2 class=\"title-2\">Servicios de env\u00edo<\/h2>\t\t\t\t\t\t\t\t\t\t\t\t\t\t\t\t\t\t\t\t\t\t\t\t\t\t\t\t\t\t\t<a href=\"https:\/\/trans-pro.com\/es\/shippers\/\" \n\t\t\t\t\tclass=\"button button-round \" \n\t\t\t\t\t \n\t\t\t\t\t>\n\t\t\t\t\t<span class=\"arrow left\"><i class=\"icon-long-arrow-right\" aria-hidden=\"true\"><\/i><\/span>\n\t\t\t\t\t<span class=\"sr-only\">Ver todos los servicios<\/span>\n\t\t\t\t\t<span class=\"arrow right\"><i class=\"icon-long-arrow-right\" aria-hidden=\"true\"><\/i><\/span>\n\n\t\t\t\t\t\t\t\t\t<\/a>\n\t\t\t\t\t\t\t\t\t\t\t\t\t\t\t\t\t\t\t\t\t\t\t\t\t\t\t<\/div>\n\t\t\t\t\t\t<\/div>\n\n\t\t\t\t\t\t<div class=\"content\">\n\t\t\t\t\t\t\t\t\t\t\t\t\t\t\t<p>Trans-Pro se distingue de otras empresas de log\u00edstica gracias a su amplia oferta de servicios. Hemos desarrollado una gama de opciones para ayudar a los clientes de diferentes sectores a llevar sus productos al mercado de forma eficiente y cumpliendo las expectativas. <\/p>\n<p>\u00bfNo est\u00e1 seguro de lo que busca? Trabajemos juntos para averiguar qu\u00e9 servicios son los adecuados para usted.<\/p>\n\t\t\t\t\t\t\t\n\t\t\t\t\t\t\t\t\t\t\t\t\t<\/div>\n\t\t\t\t\t<\/div>\n\t\t\t\t<\/div>\n\t\t\t<\/div>\n\t\t<\/section>\n\t\n\n\t\t<section  class=\"half-half section-block reverse \" data-scroll-section>\n\t\t\t<div class=\"container\">\n\t\t\t\t<div class=\"row\">\n\t\t\t\t\t<div class=\"col-md-6 half-img\">\n\t\t\t\t\t\t\t\t\t\t\t\t\t<img loading=\"lazy\" decoding=\"async\" width=\"629\" height=\"600\" src=\"https:\/\/s3.ca-central-1.amazonaws.com\/cdn.trans-pro.com\/wp-content\/uploads\/2022\/09\/half_carrier-629x600.jpg\" class=\"attachment-half_half size-half_half\" alt=\"\" srcset=\"https:\/\/s3.ca-central-1.amazonaws.com\/cdn.trans-pro.com\/wp-content\/uploads\/2022\/09\/half_carrier-629x600.jpg 629w, https:\/\/s3.ca-central-1.amazonaws.com\/cdn.trans-pro.com\/wp-content\/uploads\/2022\/09\/half_carrier-661x630.jpg 661w, https:\/\/s3.ca-central-1.amazonaws.com\/cdn.trans-pro.com\/wp-content\/uploads\/2022\/09\/half_carrier-1024x976.jpg 1024w, https:\/\/s3.ca-central-1.amazonaws.com\/cdn.trans-pro.com\/wp-content\/uploads\/2022\/09\/half_carrier-768x732.jpg 768w, https:\/\/s3.ca-central-1.amazonaws.com\/cdn.trans-pro.com\/wp-content\/uploads\/2022\/09\/half_carrier-1536x1465.jpg 1536w, https:\/\/s3.ca-central-1.amazonaws.com\/cdn.trans-pro.com\/wp-content\/uploads\/2022\/09\/half_carrier-1007x960.jpg 1007w, https:\/\/s3.ca-central-1.amazonaws.com\/cdn.trans-pro.com\/wp-content\/uploads\/2022\/09\/half_carrier-755x720.jpg 755w, https:\/\/s3.ca-central-1.amazonaws.com\/cdn.trans-pro.com\/wp-content\/uploads\/2022\/09\/half_carrier-795x758.jpg 795w, https:\/\/s3.ca-central-1.amazonaws.com\/cdn.trans-pro.com\/wp-content\/uploads\/2022\/09\/half_carrier-399x380.jpg 399w, https:\/\/s3.ca-central-1.amazonaws.com\/cdn.trans-pro.com\/wp-content\/uploads\/2022\/09\/half_carrier-150x143.jpg 150w, https:\/\/s3.ca-central-1.amazonaws.com\/cdn.trans-pro.com\/wp-content\/uploads\/2022\/09\/half_carrier-800x763.jpg 800w, https:\/\/s3.ca-central-1.amazonaws.com\/cdn.trans-pro.com\/wp-content\/uploads\/2022\/09\/half_carrier-842x803.jpg 842w, https:\/\/s3.ca-central-1.amazonaws.com\/cdn.trans-pro.com\/wp-content\/uploads\/2022\/09\/half_carrier-431x411.jpg 431w, https:\/\/s3.ca-central-1.amazonaws.com\/cdn.trans-pro.com\/wp-content\/uploads\/2022\/09\/half_carrier-403x384.jpg 403w, https:\/\/s3.ca-central-1.amazonaws.com\/cdn.trans-pro.com\/wp-content\/uploads\/2022\/09\/half_carrier-100x95.jpg 100w, https:\/\/s3.ca-central-1.amazonaws.com\/cdn.trans-pro.com\/wp-content\/uploads\/2022\/09\/half_carrier.jpg 1720w\" sizes=\"(max-width: 629px) 100vw, 629px\" \/>\t\t\t\t\t\t\t\t\t\t\t<\/div>\n\t\t\t\t\t<div class=\"col-md-6 half-content\">\n\t\t\t\t\t\t<div class=\"half-titles-wrapper\">\n\t\t\t\t\t\t\t\n\t\t\t\t\t\t\t<div class=\"title\">\n\t\t\t\t\t\t\t\t<h2 class=\"title-2\">Transportistas<\/h2>\t\t\t\t\t\t\t\t\t\t\t\t\t\t\t\t\t\t\t\t\t\t\t\t\t\t\t\t\t\t\t<a href=\"https:\/\/trans-pro.com\/es\/carriers\/\" \n\t\t\t\t\tclass=\"button button-round \" \n\t\t\t\t\t \n\t\t\t\t\t>\n\t\t\t\t\t<span class=\"arrow left\"><i class=\"icon-long-arrow-right\" aria-hidden=\"true\"><\/i><\/span>\n\t\t\t\t\t<span class=\"sr-only\">Descubra nuestras pol\u00edticas de transportadores<\/span>\n\t\t\t\t\t<span class=\"arrow right\"><i class=\"icon-long-arrow-right\" aria-hidden=\"true\"><\/i><\/span>\n\n\t\t\t\t\t\t\t\t\t<\/a>\n\t\t\t\t\t\t\t\t\t\t\t\t\t\t\t\t\t\t\t\t\t\t\t\t\t\t\t<\/div>\n\t\t\t\t\t\t<\/div>\n\n\t\t\t\t\t\t<div class=\"content\">\n\t\t\t\t\t\t\t\t\t\t\t\t\t\t\t<p>Trans-Pro est\u00e1 en el negocio de hacer conexiones. Algunas de las conexiones m\u00e1s importantes que hacemos son con las empresas y los transportistas independientes, que son el alma de la industria del transporte de mercanc\u00edas. Como empresa, Trans-Pro depende del trabajo duro y la fiabilidad de estos socios. Por eso, el crecimiento y el mantenimiento de nuestra red de transportistas es un asunto serio.<\/p>\n<p>Vamos m\u00e1s all\u00e1 de nuestros competidores en el sector de la log\u00edstica para ofrecer a nuestros transportistas la mejor experiencia posible. Conocemos bien los retos a los que se enfrentan los conductores: retrasos en los pagos, oportunidades incoherentes, cargadores poco fiables, etc. Precisamente por eso hemos adaptado nuestro programa de transportistas asociados para responder a esas necesidades. Abordamos nuestra relaci\u00f3n con los transportistas como si fueran clientes: nos involucramos en cada paso del proceso para asegurarnos de que Trans-Pro trabaje para usted, y no al rev\u00e9s. <\/p>\n\t\t\t\t\t\t\t\n\t\t\t\t\t\t\t\t\t\t\t\t\t<\/div>\n\t\t\t\t\t<\/div>\n\t\t\t\t<\/div>\n\t\t\t<\/div>\n\t\t<\/section>\n\t\n\n\t\t<section  class=\"half-title-half-text section-block\" data-scroll-section>\n\t\t\t<div class=\"container\">\n\t\t\t\t<div class=\"col-md-12 wrapper\">\n\t\t\t\t\t<div class=\"row\">\n\t\t\t\t\t\t<div class=\"col-md-4 half-title\">\n\t\t\t\t\t\t\t<h2 class=\"title-2\">Sobre nosotros<\/h2>\t\t\t\t\t\t<\/div>\n\t\t\t\t\t\t<div class=\"col-md-6 offset-md-1 half-content\">\n\t\t\t\t\t\t\t<div class=\"half-titles-wrapper\">\n\t\t\t\t\t\t\t\t\t\t\t\t\t\t\t<\/div>\n\n\t\t\t\t\t\t\t<div class=\"content\">\n\t\t\t\t\t\t\t\t\t\t\t\t\t\t\t\t\t<p>Todo empez\u00f3 en 1989 con solo tres empleados.<br \/>\nDesde ese d\u00eda, la empresa ha crecido a toda m\u00e1quina. Hemos aprendido y nos hemos adaptado continuamente para servir mejor a nuestros clientes. Ya sea ofreciendo servicios de transporte adicionales, ampliando nuestra cobertura o abriendo nuevas oficinas. Hemos hecho todo lo que ha estado a nuestro alcance.<\/p>\n<p>Trans-Pro siempre va m\u00e1s all\u00e1, y llevamos su carga con nosotros.<\/p>\n<p>Despu\u00e9s de m\u00e1s de 30 a\u00f1os en el negocio, sabemos que nuestros clientes necesitan servicios integrales. Estamos orgullosos de ofrecerle toda la gama de soluciones log\u00edsticas, desde la carga de camiones hasta el transporte mar\u00edtimo y a\u00e9reo. Nuestros clientes cuentan con una red de 35.000 transportistas confiables que operan en toda Am\u00e9rica del Norte y con asistencia de nuestros expertos en log\u00edstica, 24 horas al d\u00eda, 7 d\u00edas a la semana.<\/p>\n\t\t\t\t\t\t\t\t\n\t\t\t\t\t\t\t\t\t\t\t\t\t\t\t\t\t\t\t\t\t\t\t\t\t\t\t\t\t\t\t<a href=\"https:\/\/trans-pro.com\/es\/about-us\/\" \n\t\t\t\t\tclass=\"button button-inline \" \n\t\t\t\t\t \n\t\t\t\t\t>\n\t\t\t\t\t<span class=\"arrow left\"><i class=\"icon-long-arrow-right\" aria-hidden=\"true\"><\/i><\/span>\n\t\t\t\t\t<span class=\"text\">M\u00e1s informaci\u00f3n<\/span>\n\t\t\t\t\t<span class=\"arrow right\"><i class=\"icon-long-arrow-right\" aria-hidden=\"true\"><\/i><\/span>\n\n\t\t\t\t\t\t\t\t\t<\/a>\n\t\t\t\t\t\t\t\t\t\t\t\t\t\t\t\t\t\t\t\t\t\t\t\t\t\t\t<\/div>\n\t\t\t\t\t\t<\/div>\n\t\t\t\t\t<\/div>\n\t\t\t\t<\/div>\n\t\t\t<\/div>\n\t\t<\/section>\n\t\n\n\t\t<section class=\"full-banner section-block reverse \" data-scroll-section>\n\t\t\t<div class=\"banner-img\">\n\t\t\t\t\t\t\t\t\t<img loading=\"lazy\" decoding=\"async\" width=\"1920\" height=\"820\" src=\"https:\/\/s3.ca-central-1.amazonaws.com\/cdn.trans-pro.com\/wp-content\/uploads\/2022\/09\/banner_join_us-1-1920x820.jpg\" class=\"attachment-full_width size-full_width\" alt=\"\" srcset=\"https:\/\/s3.ca-central-1.amazonaws.com\/cdn.trans-pro.com\/wp-content\/uploads\/2022\/09\/banner_join_us-1-1920x820.jpg 1920w, https:\/\/s3.ca-central-1.amazonaws.com\/cdn.trans-pro.com\/wp-content\/uploads\/2022\/09\/banner_join_us-1-842x360.jpg 842w, https:\/\/s3.ca-central-1.amazonaws.com\/cdn.trans-pro.com\/wp-content\/uploads\/2022\/09\/banner_join_us-1-1024x437.jpg 1024w, https:\/\/s3.ca-central-1.amazonaws.com\/cdn.trans-pro.com\/wp-content\/uploads\/2022\/09\/banner_join_us-1-768x328.jpg 768w, https:\/\/s3.ca-central-1.amazonaws.com\/cdn.trans-pro.com\/wp-content\/uploads\/2022\/09\/banner_join_us-1-1536x656.jpg 1536w, https:\/\/s3.ca-central-1.amazonaws.com\/cdn.trans-pro.com\/wp-content\/uploads\/2022\/09\/banner_join_us-1-2048x875.jpg 2048w, https:\/\/s3.ca-central-1.amazonaws.com\/cdn.trans-pro.com\/wp-content\/uploads\/2022\/09\/banner_join_us-1-935x399.jpg 935w, https:\/\/s3.ca-central-1.amazonaws.com\/cdn.trans-pro.com\/wp-content\/uploads\/2022\/09\/banner_join_us-1-770x329.jpg 770w, https:\/\/s3.ca-central-1.amazonaws.com\/cdn.trans-pro.com\/wp-content\/uploads\/2022\/09\/banner_join_us-1-960x410.jpg 960w, https:\/\/s3.ca-central-1.amazonaws.com\/cdn.trans-pro.com\/wp-content\/uploads\/2022\/09\/banner_join_us-1-795x340.jpg 795w, https:\/\/s3.ca-central-1.amazonaws.com\/cdn.trans-pro.com\/wp-content\/uploads\/2022\/09\/banner_join_us-1-500x214.jpg 500w, https:\/\/s3.ca-central-1.amazonaws.com\/cdn.trans-pro.com\/wp-content\/uploads\/2022\/09\/banner_join_us-1-150x64.jpg 150w, https:\/\/s3.ca-central-1.amazonaws.com\/cdn.trans-pro.com\/wp-content\/uploads\/2022\/09\/banner_join_us-1-800x342.jpg 800w, https:\/\/s3.ca-central-1.amazonaws.com\/cdn.trans-pro.com\/wp-content\/uploads\/2022\/09\/banner_join_us-1-548x234.jpg 548w, https:\/\/s3.ca-central-1.amazonaws.com\/cdn.trans-pro.com\/wp-content\/uploads\/2022\/09\/banner_join_us-1-403x172.jpg 403w, https:\/\/s3.ca-central-1.amazonaws.com\/cdn.trans-pro.com\/wp-content\/uploads\/2022\/09\/banner_join_us-1-100x43.jpg 100w\" sizes=\"(max-width: 1920px) 100vw, 1920px\" \/>\t\t\t\t\t\t\t<\/div>\n\t\t\t<div class=\"container\">\n\t\t\t\t<div class=\"row\">\n\t\t\t\t\t<div class=\"col-lg-5 col-md-6 banner-content-wrapper\">\n\t\t\t\t\t\t<div class=\"banner-content\">\n\t\t\t\t\t\t\t<h2 class=\"title-2\">\u00danase a nosotros<\/h2>\t\t\t\t\t\t\t<div class=\"text-content\">\n\t\t\t\t\t\t\t\t\t\t\t\t\t\t\t\t\t<p>Trans-Pro ha recorrido un largo camino desde los d\u00edas en que s\u00f3lo ten\u00eda tres empleados. Desde esos humildes comienzos, Trans-Pro se ha convertido en un l\u00edder de la industria log\u00edstica mundial, con un equipo de profesionales dedicado a ello. Siempre buscamos ampliar este equipo y actualmente tenemos una serie de grandes oportunidades en ventas y operaciones para personas apasionadas por los servicios log\u00edsticos.<\/p>\n\t\t\t\t\t\t\t\t\t\t\t\t\t\t\t\t\t\t\t\t\t\t\t\t\t\t\t\t\t\t\t\t\t\t\t\t\t\t\t<a href=\"https:\/\/trans-pro.com\/es\/careers\/\" \n\t\t\t\t\tclass=\"button button-primary-reverse \" \n\t\t\t\t\t \n\t\t\t\t\t>\n\t\t\t\t\t<span class=\"arrow left\"><i class=\"icon-long-arrow-right\" aria-hidden=\"true\"><\/i><\/span>\n\t\t\t\t\t<span class=\"text\">Descubra nuestras oportunidades profesionales<\/span>\n\t\t\t\t\t<span class=\"arrow right\"><i class=\"icon-long-arrow-right\" aria-hidden=\"true\"><\/i><\/span>\n\n\t\t\t\t\t\t\t\t\t<\/a>\n\t\t\t\t\t\t\t\t\t\t\t\t\t\t\t\t\t\t\t\t\t\t\t\t\t\t\t<\/div>\n\t\t\t\t\t\t<\/div>\n\t\t\t\t\t<\/div>\n\t\t\t\t<\/div>\n\t\t\t<\/div>\n\t\t<\/section>\n\t","protected":false},"excerpt":{"rendered":"","protected":false},"author":3,"featured_media":0,"parent":0,"menu_order":14,"comment_status":"closed","ping_status":"closed","template":"","meta":{"_acf_changed":false,"footnotes":""},"acf":[],"yoast_head":"<!-- This site is optimized with the Yoast SEO plugin v22.7 - https:\/\/yoast.com\/wordpress\/plugins\/seo\/ -->\n<title>Home - Trans-Pro Logistics<\/title>\n<meta name=\"robots\" content=\"index, follow, max-snippet:-1, max-image-preview:large, max-video-preview:-1\" \/>\n<link rel=\"canonical\" href=\"https:\/\/trans-pro.com\/es\/\" \/>\n<meta property=\"og:locale\" content=\"es_ES\" \/>\n<meta property=\"og:type\" content=\"article\" \/>\n<meta property=\"og:title\" content=\"Home - Trans-Pro Logistics\" \/>\n<meta property=\"og:url\" content=\"https:\/\/trans-pro.com\/es\/\" \/>\n<meta property=\"og:site_name\" content=\"Trans-Pro Logistics\" \/>\n<meta property=\"article:modified_time\" content=\"2022-11-23T19:52:10+00:00\" \/>\n<meta name=\"twitter:card\" content=\"summary_large_image\" \/>\n<script type=\"application\/ld+json\" class=\"yoast-schema-graph\">{\"@context\":\"https:\/\/schema.org\",\"@graph\":[{\"@type\":\"WebPage\",\"@id\":\"https:\/\/trans-pro.com\/es\/\",\"url\":\"https:\/\/trans-pro.com\/es\/\",\"name\":\"Home - Trans-Pro Logistics\",\"isPartOf\":{\"@id\":\"https:\/\/trans-pro.com\/es\/#website\"},\"datePublished\":\"2022-07-01T00:17:33+00:00\",\"dateModified\":\"2022-11-23T19:52:10+00:00\",\"breadcrumb\":{\"@id\":\"https:\/\/trans-pro.com\/es\/#breadcrumb\"},\"inLanguage\":\"es-ES\",\"potentialAction\":[{\"@type\":\"ReadAction\",\"target\":[\"https:\/\/trans-pro.com\/es\/\"]}]},{\"@type\":\"BreadcrumbList\",\"@id\":\"https:\/\/trans-pro.com\/es\/#breadcrumb\",\"itemListElement\":[{\"@type\":\"ListItem\",\"position\":1,\"name\":\"Home\",\"item\":\"https:\/\/www.trans-pro.com\/es\/\"},{\"@type\":\"ListItem\",\"position\":2,\"name\":\"Home\"}]},{\"@type\":\"WebSite\",\"@id\":\"https:\/\/trans-pro.com\/es\/#website\",\"url\":\"https:\/\/trans-pro.com\/es\/\",\"name\":\"Trans-Pro Logistics\",\"description\":\"EST. 1989\",\"potentialAction\":[{\"@type\":\"SearchAction\",\"target\":{\"@type\":\"EntryPoint\",\"urlTemplate\":\"https:\/\/trans-pro.com\/es\/?s={search_term_string}\"},\"query-input\":\"required name=search_term_string\"}],\"inLanguage\":\"es-ES\"}]}<\/script>\n<!-- \/ Yoast SEO plugin. -->","yoast_head_json":{"title":"Home - Trans-Pro Logistics","robots":{"index":"index","follow":"follow","max-snippet":"max-snippet:-1","max-image-preview":"max-image-preview:large","max-video-preview":"max-video-preview:-1"},"canonical":"https:\/\/trans-pro.com\/es\/","og_locale":"es_ES","og_type":"article","og_title":"Home - Trans-Pro Logistics","og_url":"https:\/\/trans-pro.com\/es\/","og_site_name":"Trans-Pro Logistics","article_modified_time":"2022-11-23T19:52:10+00:00","twitter_card":"summary_large_image","schema":{"@context":"https:\/\/schema.org","@graph":[{"@type":"WebPage","@id":"https:\/\/trans-pro.com\/es\/","url":"https:\/\/trans-pro.com\/es\/","name":"Home - Trans-Pro Logistics","isPartOf":{"@id":"https:\/\/trans-pro.com\/es\/#website"},"datePublished":"2022-07-01T00:17:33+00:00","dateModified":"2022-11-23T19:52:10+00:00","breadcrumb":{"@id":"https:\/\/trans-pro.com\/es\/#breadcrumb"},"inLanguage":"es-ES","potentialAction":[{"@type":"ReadAction","target":["https:\/\/trans-pro.com\/es\/"]}]},{"@type":"BreadcrumbList","@id":"https:\/\/trans-pro.com\/es\/#breadcrumb","itemListElement":[{"@type":"ListItem","position":1,"name":"Home","item":"https:\/\/www.trans-pro.com\/es\/"},{"@type":"ListItem","position":2,"name":"Home"}]},{"@type":"WebSite","@id":"https:\/\/trans-pro.com\/es\/#website","url":"https:\/\/trans-pro.com\/es\/","name":"Trans-Pro Logistics","description":"EST. 1989","potentialAction":[{"@type":"SearchAction","target":{"@type":"EntryPoint","urlTemplate":"https:\/\/trans-pro.com\/es\/?s={search_term_string}"},"query-input":"required name=search_term_string"}],"inLanguage":"es-ES"}]}},"_links":{"self":[{"href":"https:\/\/trans-pro.com\/es\/wp-json\/wp\/v2\/pages\/160"}],"collection":[{"href":"https:\/\/trans-pro.com\/es\/wp-json\/wp\/v2\/pages"}],"about":[{"href":"https:\/\/trans-pro.com\/es\/wp-json\/wp\/v2\/types\/page"}],"author":[{"embeddable":true,"href":"https:\/\/trans-pro.com\/es\/wp-json\/wp\/v2\/users\/3"}],"replies":[{"embeddable":true,"href":"https:\/\/trans-pro.com\/es\/wp-json\/wp\/v2\/comments?post=160"}],"version-history":[{"count":6,"href":"https:\/\/trans-pro.com\/es\/wp-json\/wp\/v2\/pages\/160\/revisions"}],"predecessor-version":[{"id":2622,"href":"https:\/\/trans-pro.com\/es\/wp-json\/wp\/v2\/pages\/160\/revisions\/2622"}],"wp:attachment":[{"href":"https:\/\/trans-pro.com\/es\/wp-json\/wp\/v2\/media?parent=160"}],"curies":[{"name":"wp","href":"https:\/\/api.w.org\/{rel}","templated":true}]}}