{"id":158,"date":"2022-06-29T15:50:54","date_gmt":"2022-06-29T15:50:54","guid":{"rendered":"https:\/\/trans-pro.com\/ressources\/"},"modified":"2022-11-23T19:53:30","modified_gmt":"2022-11-23T19:53:30","slug":"recursos","status":"publish","type":"page","link":"https:\/\/trans-pro.com\/es\/recursos\/","title":{"rendered":"Recursos"},"content":{"rendered":"\t\t<section  class=\"page-title\" data-scroll-section>\n\t\t\t<div class=\"container\">\n\t\t\t\t<div class=\"row\">\n\t\t\t\t\t<div class=\"col-md-12\">\n\t\t\t\t\t\t<div class=\"title\">\n\t\t\t\t\t\t\t<h1 class=\"title-1\">Recursos<\/h1>\t\t\t\t\t\t<\/div>\n\t\t\t\t\t<\/div>\n\t\t\t\t<\/div>\n\t\t\t<\/div>\n\t\t<\/section>\n\t\n\n\n\t<section  class=\"document-list section-block\" data-scroll-section >\n\t\t<div class=\"container\">\n\t\t\t<div class=\"row\">\n\n\t\t\t\n\t\t\t\t<div class=\"col-12 list-wrapper\" data-close>\n\t\t\t\t\t<div class=\"title\" data-close-controler>\n\t\t\t\t\t\t<div class=\"main-title title-2\">\n\t\t\t\t\t\t\tPara los transportistas\t\t\t\t\t\t<\/div>\n\t\t\t\t\t\t<button type=\"button\" class=\"button-round-toggle reversed\" document.btn_toggle.aria_label>\n\t\t\t\t\t\t\t<span class=\"icon-wrapper\"><\/span>\n\t\t\t\t\t\t<\/button>\n\t\t\t\t\t<\/div>\n\n\t\t\t\t\t<div class=\"row open-list-content\" data-close-target>\n\t\t\t\t\t\t<div class=\"col-md-2 col-text\">\n\t\t\t\t\t\t\t<p>\u00a1Vamos, Adelante!    Por favor, complete el formulario y env\u00edelo a <a href=\"accountsreceivable@trans\u00adpro.com\">accountsreceivable@trans\u00adpro.com<\/a><\/p>\n\t\t\t\t\t\t\t<div class=\"arrow\"><i class=\"icon-long-arrow-right\" aria-hidden=\"true\"><\/i><\/div>\n\t\t\t\t\t\t<\/div>\n\n\t\t\t\t\t\t<div class=\"col-md-8 offset-md-2 flex-wrapper\">\n\t\t\t\t\t\t\t\n\t\t\t\t\t\t\t\t<div class=\"stretcher\">\n\t\t\t\t\t\t\t\t\t<div class=\"open-collapse-wrapper\" >\n\t\t\t\t\t\t\t\t\t\t<div class=\"open-collapse-title\" >\n\t\t\t\t\t\t\t\t\t\t\t<div class=\"title-3\">Solicitud de cr\u00e9dito<\/div>\n\t\t\t\t\t\t\t\t\t\t\t<div class=\"doc-info-wrapper\">\n\t\t\t\t\t\t\t\t\t\t\t\t\t\t\t\t\t\t\t\t\t\t\t\t\t<div class=\"doc-date\">20.09.2022<\/div>\n\t\t\t\t\t\t\t\t\t\t\t\t\t\t\t\t\t\t\t\t\t\t\t\t<div class=\"doc-cat\">Documento PDF<\/div>\n\t\t\t\t\t\t\t\t\t\t\t<\/div>\n\t\t\t\t\t\t\t\t\t\t<\/div>\n\n\t\t\t\t\t\t\t\t\t\t<div class=\"open-collapse-content\">\n\t\t\t\t\t\t\t\t\t\t\t<div class=\"content\">\n\t\t\t\t\t\t\t\t\t\t\t\t<div class=\"description\">\u00bfDesea pagar su transporte con tarjeta de cr\u00e9dito?   Rellene el formulario para agilizar el proceso de solicitud mediante el pago con tarjeta de cr\u00e9dito<\/div>\n\t\t\t\t\t\t\t\t\t\t\t<\/div>\n\n\t\t\t\t\t\t\t\t\t\t\t\t\t\t\t\t\t\t\t\t\t\t\n\t\t\t\t\t\t\t\t\t\t\t\t\t\t\t\t\t\t\t\t\t\t\t<div class=\"btns\">\n\t\t\t\t\t\t\t\t\t\t\t\t\t\t\t\t<a href=\"https:\/\/s3.ca-central-1.amazonaws.com\/cdn.trans-pro.com\/wp-content\/uploads\/2022\/09\/Credit-Application-English-1.pdf\" \n\t\t\t\t\tclass=\"button button-download \" \n\t\t\t\t\t target=\"_blank\" rel=\"noopener\" \n\t\t\t\t\t>\n\t\t\t\t\t<span class=\"arrow left\"><i class=\"icon-long-arrow-right\" aria-hidden=\"true\"><\/i><\/span>\n\t\t\t\t\t<span class=\"text\">Descargar un archivo<\/span>\n\t\t\t\t\t<span class=\"arrow right\"><i class=\"icon-long-arrow-right\" aria-hidden=\"true\"><\/i><\/span>\n\n\t\t\t\t\t\t\t\t\t\t\t<span class=\"icon\">\n\t\t\t\t\t\t\t<i class=\"icon-download\" aria-hidden=\"true\"><\/i>\n\t\t\t\t\t\t<\/span>\n\t\t\t\t\t\t\t\t\t<\/a>\n\t\t\t\t\t\t\t\t\t\t\t\t\t\t\t<\/div>\n\t\t\t\t\t\t\t\t\t\t\t\t\t\t\t\t\t\t\t\t\t<\/div>\n\t\t\t\t\t\t\t\t\t<\/div>\n\t\t\t\t\t\t\t\t<\/div>\n\t\t\t\t\t\t\t\n\t\t\t\t\t\t\t\t<div class=\"stretcher\">\n\t\t\t\t\t\t\t\t\t<div class=\"open-collapse-wrapper\" >\n\t\t\t\t\t\t\t\t\t\t<div class=\"open-collapse-title\" >\n\t\t\t\t\t\t\t\t\t\t\t<div class=\"title-3\">Autorizaci\u00f3n de cr\u00e9dito<\/div>\n\t\t\t\t\t\t\t\t\t\t\t<div class=\"doc-info-wrapper\">\n\t\t\t\t\t\t\t\t\t\t\t\t\t\t\t\t\t\t\t\t\t\t\t\t\t<div class=\"doc-date\">01.08.2022<\/div>\n\t\t\t\t\t\t\t\t\t\t\t\t\t\t\t\t\t\t\t\t\t\t\t\t<div class=\"doc-cat\">Documento PDF<\/div>\n\t\t\t\t\t\t\t\t\t\t\t<\/div>\n\t\t\t\t\t\t\t\t\t\t<\/div>\n\n\t\t\t\t\t\t\t\t\t\t<div class=\"open-collapse-content\">\n\t\t\t\t\t\t\t\t\t\t\t<div class=\"content\">\n\t\t\t\t\t\t\t\t\t\t\t\t<div class=\"description\">Tendremos que realizar una comprobaci\u00f3n de cr\u00e9dito. Para abrir eficazmente su cuenta, por favor complete el formulario de solicitud de cr\u00e9dito<\/div>\n\t\t\t\t\t\t\t\t\t\t\t<\/div>\n\n\t\t\t\t\t\t\t\t\t\t\t\t\t\t\t\t\t\t\t\t\t\t\n\t\t\t\t\t\t\t\t\t\t\t\t\t\t\t\t\t\t\t\t\t\t\t<div class=\"btns\">\n\t\t\t\t\t\t\t\t\t\t\t\t\t\t\t\t<a href=\"https:\/\/s3.ca-central-1.amazonaws.com\/cdn.trans-pro.com\/wp-content\/uploads\/2022\/09\/Credit-Card-Authorization-Form-1.pdf\" \n\t\t\t\t\tclass=\"button button-download \" \n\t\t\t\t\t target=\"_blank\" rel=\"noopener\" \n\t\t\t\t\t>\n\t\t\t\t\t<span class=\"arrow left\"><i class=\"icon-long-arrow-right\" aria-hidden=\"true\"><\/i><\/span>\n\t\t\t\t\t<span class=\"text\">Descargar un archivo<\/span>\n\t\t\t\t\t<span class=\"arrow right\"><i class=\"icon-long-arrow-right\" aria-hidden=\"true\"><\/i><\/span>\n\n\t\t\t\t\t\t\t\t\t\t\t<span class=\"icon\">\n\t\t\t\t\t\t\t<i class=\"icon-download\" aria-hidden=\"true\"><\/i>\n\t\t\t\t\t\t<\/span>\n\t\t\t\t\t\t\t\t\t<\/a>\n\t\t\t\t\t\t\t\t\t\t\t\t\t\t\t<\/div>\n\t\t\t\t\t\t\t\t\t\t\t\t\t\t\t\t\t\t\t\t\t<\/div>\n\t\t\t\t\t\t\t\t\t<\/div>\n\t\t\t\t\t\t\t\t<\/div>\n\t\t\t\t\t\t\t\t\t\t\t\t\t<\/div>\n\t\t\t\t\t<\/div>\n\t\t\t\t<\/div>\n\t\t\t\t\t\t\t<\/div>\n\t\t<\/div>\n\t<\/section>\n\n\t\t","protected":false},"excerpt":{"rendered":"","protected":false},"author":3,"featured_media":0,"parent":0,"menu_order":37,"comment_status":"closed","ping_status":"closed","template":"","meta":{"_acf_changed":false,"footnotes":""},"acf":[],"yoast_head":"<!-- This site is optimized with the Yoast SEO plugin v22.7 - https:\/\/yoast.com\/wordpress\/plugins\/seo\/ -->\n<title>Recursos - Trans-Pro Logistics<\/title>\n<meta name=\"robots\" content=\"index, follow, max-snippet:-1, max-image-preview:large, max-video-preview:-1\" \/>\n<link rel=\"canonical\" href=\"https:\/\/trans-pro.com\/es\/recursos\/\" \/>\n<meta property=\"og:locale\" content=\"es_ES\" \/>\n<meta property=\"og:type\" content=\"article\" \/>\n<meta property=\"og:title\" content=\"Recursos - Trans-Pro Logistics\" \/>\n<meta property=\"og:url\" content=\"https:\/\/trans-pro.com\/es\/recursos\/\" \/>\n<meta property=\"og:site_name\" content=\"Trans-Pro Logistics\" \/>\n<meta property=\"article:modified_time\" content=\"2022-11-23T19:53:30+00:00\" \/>\n<meta name=\"twitter:card\" content=\"summary_large_image\" \/>\n<script type=\"application\/ld+json\" class=\"yoast-schema-graph\">{\"@context\":\"https:\/\/schema.org\",\"@graph\":[{\"@type\":\"WebPage\",\"@id\":\"https:\/\/trans-pro.com\/es\/recursos\/\",\"url\":\"https:\/\/trans-pro.com\/es\/recursos\/\",\"name\":\"Recursos - Trans-Pro Logistics\",\"isPartOf\":{\"@id\":\"https:\/\/trans-pro.com\/es\/#website\"},\"datePublished\":\"2022-06-29T15:50:54+00:00\",\"dateModified\":\"2022-11-23T19:53:30+00:00\",\"breadcrumb\":{\"@id\":\"https:\/\/trans-pro.com\/es\/recursos\/#breadcrumb\"},\"inLanguage\":\"es-ES\",\"potentialAction\":[{\"@type\":\"ReadAction\",\"target\":[\"https:\/\/trans-pro.com\/es\/recursos\/\"]}]},{\"@type\":\"BreadcrumbList\",\"@id\":\"https:\/\/trans-pro.com\/es\/recursos\/#breadcrumb\",\"itemListElement\":[{\"@type\":\"ListItem\",\"position\":1,\"name\":\"Home\",\"item\":\"https:\/\/www.trans-pro.com\/es\/\"},{\"@type\":\"ListItem\",\"position\":2,\"name\":\"Recursos\"}]},{\"@type\":\"WebSite\",\"@id\":\"https:\/\/trans-pro.com\/es\/#website\",\"url\":\"https:\/\/trans-pro.com\/es\/\",\"name\":\"Trans-Pro Logistics\",\"description\":\"EST. 1989\",\"potentialAction\":[{\"@type\":\"SearchAction\",\"target\":{\"@type\":\"EntryPoint\",\"urlTemplate\":\"https:\/\/trans-pro.com\/es\/?s={search_term_string}\"},\"query-input\":\"required name=search_term_string\"}],\"inLanguage\":\"es-ES\"}]}<\/script>\n<!-- \/ Yoast SEO plugin. -->","yoast_head_json":{"title":"Recursos - Trans-Pro Logistics","robots":{"index":"index","follow":"follow","max-snippet":"max-snippet:-1","max-image-preview":"max-image-preview:large","max-video-preview":"max-video-preview:-1"},"canonical":"https:\/\/trans-pro.com\/es\/recursos\/","og_locale":"es_ES","og_type":"article","og_title":"Recursos - Trans-Pro Logistics","og_url":"https:\/\/trans-pro.com\/es\/recursos\/","og_site_name":"Trans-Pro Logistics","article_modified_time":"2022-11-23T19:53:30+00:00","twitter_card":"summary_large_image","schema":{"@context":"https:\/\/schema.org","@graph":[{"@type":"WebPage","@id":"https:\/\/trans-pro.com\/es\/recursos\/","url":"https:\/\/trans-pro.com\/es\/recursos\/","name":"Recursos - Trans-Pro Logistics","isPartOf":{"@id":"https:\/\/trans-pro.com\/es\/#website"},"datePublished":"2022-06-29T15:50:54+00:00","dateModified":"2022-11-23T19:53:30+00:00","breadcrumb":{"@id":"https:\/\/trans-pro.com\/es\/recursos\/#breadcrumb"},"inLanguage":"es-ES","potentialAction":[{"@type":"ReadAction","target":["https:\/\/trans-pro.com\/es\/recursos\/"]}]},{"@type":"BreadcrumbList","@id":"https:\/\/trans-pro.com\/es\/recursos\/#breadcrumb","itemListElement":[{"@type":"ListItem","position":1,"name":"Home","item":"https:\/\/www.trans-pro.com\/es\/"},{"@type":"ListItem","position":2,"name":"Recursos"}]},{"@type":"WebSite","@id":"https:\/\/trans-pro.com\/es\/#website","url":"https:\/\/trans-pro.com\/es\/","name":"Trans-Pro Logistics","description":"EST. 1989","potentialAction":[{"@type":"SearchAction","target":{"@type":"EntryPoint","urlTemplate":"https:\/\/trans-pro.com\/es\/?s={search_term_string}"},"query-input":"required name=search_term_string"}],"inLanguage":"es-ES"}]}},"_links":{"self":[{"href":"https:\/\/trans-pro.com\/es\/wp-json\/wp\/v2\/pages\/158"}],"collection":[{"href":"https:\/\/trans-pro.com\/es\/wp-json\/wp\/v2\/pages"}],"about":[{"href":"https:\/\/trans-pro.com\/es\/wp-json\/wp\/v2\/types\/page"}],"author":[{"embeddable":true,"href":"https:\/\/trans-pro.com\/es\/wp-json\/wp\/v2\/users\/3"}],"replies":[{"embeddable":true,"href":"https:\/\/trans-pro.com\/es\/wp-json\/wp\/v2\/comments?post=158"}],"version-history":[{"count":5,"href":"https:\/\/trans-pro.com\/es\/wp-json\/wp\/v2\/pages\/158\/revisions"}],"predecessor-version":[{"id":2613,"href":"https:\/\/trans-pro.com\/es\/wp-json\/wp\/v2\/pages\/158\/revisions\/2613"}],"wp:attachment":[{"href":"https:\/\/trans-pro.com\/es\/wp-json\/wp\/v2\/media?parent=158"}],"curies":[{"name":"wp","href":"https:\/\/api.w.org\/{rel}","templated":true}]}}